{"id":695,"date":"2021-01-08T09:26:13","date_gmt":"2021-01-08T08:26:13","guid":{"rendered":"http:\/\/punktoberatung.ch.paragon.sui-inter.net\/?page_id=695"},"modified":"2021-12-10T14:14:53","modified_gmt":"2021-12-10T13:14:53","slug":"imprint","status":"publish","type":"page","link":"https:\/\/www.punktoberatung.ch\/en\/imprint\/","title":{"rendered":"Imprint"},"content":{"rendered":"\n<h3 class=\"wp-block-heading\">Contact address<\/h3>\n\n\n\n<p><br>punkto beratung gmbh,\u00a0Im Speckler 12, 4126 Bettingen\u00a0 Schweiz<br><a href=\"mailto:mail@punktoberatung.ch\">mail@punktoberatung.ch<\/a><br><br><strong>Vertretungsberechtigte Personen<\/strong><br>Susann Zumstein, Inhaberin<\/p>\n\n\n\n<hr class=\"wp-block-separator\"\/>\n\n\n\n<h3 class=\"wp-block-heading\">HANDELSREGISTEREINTRAG<\/h3>\n\n\n\n<p>Eingetragener Firmenname: punkto Beratung GmbH<br>Nummer: CH-280.4.010.057-6<br>Handelsregisteramt: Basel Land<\/p>\n\n\n\n<h3 class=\"wp-block-heading\">HAFTUNGSAUSSCHLUSS<\/h3>\n\n\n\n<p>Der Autor \u00fcbernimmt keinerlei Gew\u00e4hr hinsichtlich der inhaltlichen Richtigkeit, Genauigkeit, Aktualit\u00e4t, Zuverl\u00e4ssigkeit und Vollst\u00e4ndigkeit der Informationen.<\/p>\n\n\n\n<p>Haftungsanspr\u00fcche gegen den Autor wegen Sch\u00e4den materieller oder immaterieller Art, welche aus dem Zugriff oder der Nutzung bzw. Nichtnutzung der ver\u00f6ffentlichten Informationen, durch Missbrauch der Verbindung oder durch technische St\u00f6rungen entstanden sind, werden ausgeschlossen.<\/p>\n\n\n\n<p>Alle Angebote sind unverbindlich. Der Autor beh\u00e4lt es sich ausdr\u00fccklich vor, Teile der Seiten oder das gesamte Angebot ohne gesonderte Ank\u00fcndigung zu ver\u00e4ndern, zu erg\u00e4nzen, zu l\u00f6schen oder die Ver\u00f6ffentlichung zeitweise oder endg\u00fcltig einzustellen.<\/p>\n\n\n\n<p><\/p>\n\n\n\n<h3 class=\"wp-block-heading\">HAFTUNG F\u00dcR LINKS<\/h3>\n\n\n\n<p>Verweise und Links auf Webseiten Dritter liegen ausserhalb unseres Verantwortungsbereichs Es wird jegliche Verantwortung f\u00fcr solche Webseiten abgelehnt. Der Zugriff und die Nutzung solcher Webseiten erfolgen auf eigene Gefahr des Nutzers oder der Nutzerin.<\/p>\n\n\n\n<p><\/p>\n\n\n\n<h3 class=\"wp-block-heading\">URHEBERRECHTE<\/h3>\n\n\n\n<p>Die Urheber- und alle anderen Rechte an Inhalten, Bildern, Fotos oder anderen Dateien auf der Website geh\u00f6ren ausschliesslich&nbsp;<strong>der Firma punkto beratung gmbh<\/strong>&nbsp;oder den speziell genannten Rechtsinhabern. F\u00fcr die Reproduktion jeglicher Elemente ist die schriftliche Zustimmung der Urheberrechtstr\u00e4ger im Voraus einzuholen.<\/p>\n","protected":false},"excerpt":{"rendered":"<p>Contact address punkto beratung gmbh,\u00a0Im Speckler 12, 4126 Bettingen\u00a0 Schweizmail@punktoberatung.ch Vertretungsberechtigte PersonenSusann Zumstein, Inhaberin HANDELSREGISTEREINTRAG Eingetragener Firmenname: punkto Beratung GmbHNummer: [&hellip;]<\/p>\n","protected":false},"author":1,"featured_media":0,"parent":0,"menu_order":0,"comment_status":"closed","ping_status":"closed","template":"","meta":{"_acf_changed":false,"inline_featured_image":false,"advgb_blocks_editor_width":"","advgb_blocks_columns_visual_guide":"","footnotes":""},"class_list":["post-695","page","type-page","status-publish","hentry"],"acf":[],"coauthors":[],"author_meta":{"author_link":"https:\/\/www.punktoberatung.ch\/en\/author\/gally\/","display_name":"gally-websolutions"},"relative_dates":{"created":"Posted 5 years ago","modified":"Updated 4 years ago"},"absolute_dates":{"created":"Posted on 8. January 2021","modified":"Updated on 10. December 2021"},"absolute_dates_time":{"created":"Posted on 8. January 2021 9:26","modified":"Updated on 10. December 2021 14:14"},"featured_img_caption":"","featured_img":false,"series_order":"","_links":{"self":[{"href":"https:\/\/www.punktoberatung.ch\/en\/wp-json\/wp\/v2\/pages\/695","targetHints":{"allow":["GET"]}}],"collection":[{"href":"https:\/\/www.punktoberatung.ch\/en\/wp-json\/wp\/v2\/pages"}],"about":[{"href":"https:\/\/www.punktoberatung.ch\/en\/wp-json\/wp\/v2\/types\/page"}],"author":[{"embeddable":true,"href":"https:\/\/www.punktoberatung.ch\/en\/wp-json\/wp\/v2\/users\/1"}],"replies":[{"embeddable":true,"href":"https:\/\/www.punktoberatung.ch\/en\/wp-json\/wp\/v2\/comments?post=695"}],"version-history":[{"count":2,"href":"https:\/\/www.punktoberatung.ch\/en\/wp-json\/wp\/v2\/pages\/695\/revisions"}],"predecessor-version":[{"id":2060,"href":"https:\/\/www.punktoberatung.ch\/en\/wp-json\/wp\/v2\/pages\/695\/revisions\/2060"}],"wp:attachment":[{"href":"https:\/\/www.punktoberatung.ch\/en\/wp-json\/wp\/v2\/media?parent=695"}],"curies":[{"name":"wp","href":"https:\/\/api.w.org\/{rel}","templated":true}]}}